{"id":1132,"date":"2026-05-09T01:18:08","date_gmt":"2026-05-09T01:18:08","guid":{"rendered":"https:\/\/shoppingexperience.shop\/?post_type=product&#038;p=1132"},"modified":"2026-05-09T02:36:00","modified_gmt":"2026-05-09T02:36:00","slug":"oukitel-c61-telefon-komorkowy-bez-simlocka-android-15-smartfon-16-gb-412-128-gb-1-tb-ekran-688-hd-90-hz-bateria-5150-mah-dual-sim-4g-rozpoznawanie-twarzy-czytnik-linii-papilarnych","status":"publish","type":"product","link":"https:\/\/shoppingexperience.shop\/pl\/produkt\/oukitel-c61-telefon-komorkowy-bez-simlocka-android-15-smartfon-16-gb-412-128-gb-1-tb-ekran-688-hd-90-hz-bateria-5150-mah-dual-sim-4g-rozpoznawanie-twarzy-czytnik-linii-papilarnych\/","title":{"rendered":"OUKITEL C61 Telefon kom\u00f3rkowy bez simlocka Android 15, Smartfon 16 GB (4+12) + 128 GB \/ 1 TB, Ekran 6,88&#8243; HD+ 90 Hz, Bateria 5150 mAh, Dual SIM 4G \/ Rozpoznawanie twarzy \/ Czytnik linii papilarnych \/ GPS \/ OTG"},"content":{"rendered":"\t\t<div data-elementor-type=\"product-post\" data-elementor-id=\"1132\" class=\"elementor elementor-1132\" data-elementor-post-type=\"product\">\n\t\t\t\t<div class=\"elementor-element elementor-element-333a35aa e-flex e-con-boxed e-con e-parent\" data-id=\"333a35aa\" data-element_type=\"container\" data-e-type=\"container\" data-settings=\"{&quot;ekit_has_onepagescroll_dot&quot;:&quot;yes&quot;}\">\n\t\t\t\t\t<div class=\"e-con-inner\">\n\t\t\t\t<div class=\"elementor-element elementor-element-15443446 elementor-widget elementor-widget-text-editor\" data-id=\"15443446\" data-element_type=\"widget\" data-e-type=\"widget\" data-settings=\"{&quot;ekit_we_effect_on&quot;:&quot;none&quot;}\" data-widget_type=\"text-editor.default\">\n\t\t\t\t\t\t\t\t\t<!DOCTYPE html>\n<html lang=\"pl\">\n<head>\n    <meta charset=\"UTF-8\">\n    <meta name=\"viewport\" content=\"width=device-width, initial-scale=1.0\">\n    <title>Oukitel C61 | Nowy Wymiar Technologii<\/title>\n    <style>\n        :root {\n            \/* \u82f9\u679c\u7ecf\u5178\u914d\u8272\u5e93 *\/\n            --bg-color: #ffffff;\n            --surface-color: #f5f5f7;\n            --surface-light: #ffffff;\n            --text-main: #1d1d1f;\n            --text-muted: #86868b;\n            --accent-color: #0071e3;\n            --accent-hover: #0077ed;\n            --border-color: #d2d2d7;\n        }\n\n        * {\n            margin: 0;\n            padding: 0;\n            box-sizing: border-box;\n            scroll-behavior: smooth;\n        }\n\n        body {\n            font-family: -apple-system, BlinkMacSystemFont, \"SF Pro Text\", \"Segoe UI\", Roboto, Helvetica, Arial, sans-serif;\n            background-color: var(--bg-color);\n            color: var(--text-main);\n            line-height: 1.6;\n            -webkit-font-smoothing: antialiased;\n        }\n\n        .container {\n            max-width: 1200px;\n            margin: 0 auto;\n            padding: 0 20px;\n        }\n\n        \/* \u52a8\u753b *\/\n        @keyframes fadeInUp {\n            from { opacity: 0; transform: translateY(30px); }\n            to { opacity: 1; transform: translateY(0); }\n        }\n\n        .animate-up {\n            animation: fadeInUp 1s cubic-bezier(0.16, 1, 0.3, 1) forwards;\n        }\n\n        .delay-1 { animation-delay: 0.15s; }\n        .delay-2 { animation-delay: 0.3s; }\n        .delay-3 { animation-delay: 0.45s; }\n\n        \/* \u5bfc\u822a\u680f *\/\n        header {\n            position: fixed;\n            top: 0;\n            width: 100%;\n            background: rgba(255, 255, 255, 0.8);\n            backdrop-filter: saturate(180%) blur(20px);\n            -webkit-backdrop-filter: saturate(180%) blur(20px);\n            z-index: 1000;\n            border-bottom: 1px solid rgba(0,0,0,0.05);\n        }\n\n        .nav-container {\n            display: flex;\n            justify-content: space-between;\n            align-items: center;\n            height: 54px;\n        }\n\n        .logo {\n            font-size: 1.2rem;\n            font-weight: 600;\n            letter-spacing: -0.5px;\n        }\n\n        .logo span { color: var(--text-main); font-weight: 400; }\n\n        .nav-links { display: flex; gap: 30px; align-items: center; }\n        .nav-links a {\n            color: var(--text-main);\n            text-decoration: none;\n            font-size: 0.85rem;\n            transition: color 0.3s;\n        }\n        .nav-links a:hover { color: var(--accent-color); }\n        \n        .btn-small {\n            background: var(--accent-color);\n            color: #ffffff !important;\n            padding: 6px 16px;\n            border-radius: 20px;\n            font-weight: 400;\n            font-size: 0.85rem;\n            transition: background 0.3s;\n        }\n\n        .btn-small:hover {\n            background: var(--accent-hover);\n        }\n\n        \/* Hero Section - \u53d6\u6d88\u4e86 min-height: 100vh\uff0c\u51cf\u5c11\u7559\u767d *\/\n        .hero {\n            display: flex;\n            align-items: center;\n            justify-content: space-between;\n            padding-top: 120px; \/* \u6070\u597d\u907f\u5f00\u56fa\u5b9a\u7684\u5bfc\u822a\u680f *\/\n            padding-bottom: 60px;\n            gap: 40px;\n        }\n\n        .hero-text { flex: 1; opacity: 0; }\n\n        .hero-text h2 {\n            color: #bf4800;\n            font-size: 1rem;\n            text-transform: none;\n            font-weight: 600;\n            margin-bottom: 10px;\n        }\n\n        .hero-text h1 {\n            color: var(--text-main);\n            font-size: 4.5rem;\n            font-weight: 700;\n            letter-spacing: -0.04em;\n            line-height: 1.05;\n            margin-bottom: 20px;\n        }\n\n        .hero-text p {\n            font-size: 1.3rem;\n            color: var(--text-muted);\n            margin-bottom: 35px;\n            max-width: 500px;\n            font-weight: 400;\n            letter-spacing: -0.01em;\n        }\n\n        .hero-image {\n            flex: 1;\n            text-align: center;\n            position: relative;\n            opacity: 0;\n        }\n\n        .hero-image img {\n            max-width: 90%;\n            height: auto;\n            border-radius: 24px;\n            box-shadow: 0 20px 60px rgba(0,0,0,0.08);\n        }\n\n        .btn {\n            display: inline-block;\n            background: var(--accent-color);\n            color: #ffffff;\n            padding: 16px 36px;\n            font-size: 1.1rem;\n            font-weight: 500;\n            text-decoration: none;\n            border-radius: 30px;\n            transition: all 0.3s ease;\n        }\n\n        .btn:hover {\n            background: var(--accent-hover);\n            transform: scale(1.02);\n        }\n\n        \/* Features Text Grid *\/\n        .features {\n            padding: 80px 0 40px;\n            background-color: var(--surface-color);\n        }\n\n        .section-title {\n            text-align: center;\n            font-size: 3rem;\n            font-weight: 700;\n            letter-spacing: -0.02em;\n            margin-bottom: 60px;\n            color: var(--text-main);\n        }\n\n        .features-grid {\n            display: grid;\n            grid-template-columns: repeat(auto-fit, minmax(250px, 1fr));\n            gap: 24px;\n        }\n\n        .feature-card {\n            background-color: var(--surface-light);\n            padding: 50px 40px;\n            border-radius: 24px;\n            text-align: center;\n            box-shadow: 0 4px 20px rgba(0,0,0,0.03);\n            transition: transform 0.4s ease, box-shadow 0.4s ease;\n        }\n\n        .feature-card:hover {\n            transform: scale(1.02);\n            box-shadow: 0 10px 40px rgba(0,0,0,0.06);\n        }\n\n        .feature-icon {\n            font-size: 3rem;\n            margin-bottom: 20px;\n            display: inline-block;\n            color: var(--text-main);\n        }\n\n        .feature-card h3 { \n            font-size: 1.5rem; \n            font-weight: 600;\n            margin-bottom: 12px; \n            color: var(--text-main);\n        }\n        \n        .feature-card p { \n            color: var(--text-muted); \n            font-size: 1.05rem;\n        }\n\n        \/* Visual Showcase Section *\/\n        .visual-showcase {\n            background-color: var(--surface-color);\n            padding: 20px 0 100px;\n        }\n\n        .showcase-grid {\n            display: flex;\n            flex-direction: column;\n            gap: 40px;\n            max-width: 1000px;\n            margin: 0 auto;\n        }\n\n        .showcase-item {\n            border-radius: 32px;\n            overflow: hidden;\n            background-color: var(--surface-light);\n            box-shadow: 0 8px 30px rgba(0,0,0,0.04);\n            transition: transform 0.4s cubic-bezier(0.16, 1, 0.3, 1), box-shadow 0.4s;\n            opacity: 0; \n        }\n\n        .showcase-item:hover {\n            transform: scale(1.01);\n            box-shadow: 0 15px 40px rgba(0,0,0,0.08);\n        }\n\n        .showcase-item img {\n            width: 100%;\n            height: auto;\n            display: block;\n        }\n\n        \/* Tech Specs *\/\n        .specs {\n            padding: 100px 0;\n            background-color: var(--bg-color);\n        }\n\n        .specs-container {\n            max-width: 800px;\n            margin: 0 auto;\n            background-color: var(--surface-color);\n            border-radius: 24px;\n            padding: 50px;\n        }\n\n        .spec-row {\n            display: flex;\n            padding: 24px 0;\n            border-bottom: 1px solid var(--border-color);\n        }\n\n        .spec-row:last-child { border-bottom: none; }\n\n        .spec-title {\n            flex: 1;\n            font-weight: 600;\n            color: var(--text-main);\n        }\n\n        .spec-value {\n            flex: 2;\n            color: var(--text-muted);\n        }\n\n        \/* FAQ Section *\/\n        .faq {\n            padding: 80px 0 120px;\n            background-color: var(--bg-color);\n        }\n\n        .faq-container {\n            max-width: 800px;\n            margin: 0 auto;\n        }\n\n        .faq details {\n            border-bottom: 1px solid var(--border-color);\n            padding: 20px 0;\n        }\n\n        .faq summary {\n            font-size: 1.2rem;\n            font-weight: 600;\n            color: var(--text-main);\n            cursor: pointer;\n            list-style: none;\n            position: relative;\n            padding-right: 30px;\n            outline: none;\n        }\n\n        .faq summary::-webkit-details-marker { display: none; }\n\n        .faq summary::after {\n            content: '+';\n            position: absolute;\n            right: 0;\n            top: 50%;\n            transform: translateY(-50%);\n            font-size: 1.5rem;\n            color: var(--accent-color);\n            font-weight: 300;\n            transition: transform 0.3s;\n        }\n\n        .faq details[open] summary::after {\n            content: '\u2212';\n            transform: translateY(-50%) rotate(180deg);\n        }\n\n        .faq-answer {\n            padding-top: 15px;\n            color: var(--text-muted);\n            font-size: 1.05rem;\n            line-height: 1.5;\n            animation: fadeInDown 0.3s ease-in-out forwards;\n        }\n\n        @keyframes fadeInDown {\n            from { opacity: 0; transform: translateY(-10px); }\n            to { opacity: 1; transform: translateY(0); }\n        }\n\n        \/* CTA Bottom *\/\n        .cta-bottom {\n            padding: 120px 20px;\n            text-align: center;\n            background-color: var(--surface-color);\n        }\n\n        .cta-bottom h2 { \n            font-size: 3.5rem; \n            font-weight: 700;\n            letter-spacing: -0.02em;\n            margin-bottom: 20px; \n            color: var(--text-main); \n        }\n        \n        .cta-bottom p {\n            color: var(--text-muted) !important;\n            font-weight: 400;\n            letter-spacing: -0.01em;\n        }\n\n        .cta-bottom .btn {\n            background: var(--accent-color);\n            color: #ffffff;\n        }\n\n        .cta-bottom .btn:hover { \n            background: var(--accent-hover); \n        }\n\n        footer {\n            text-align: center;\n            padding: 40px;\n            background-color: var(--surface-color);\n            color: var(--text-muted);\n            font-size: 0.85rem;\n            border-top: 1px solid var(--border-color);\n        }\n\n        @media (max-width: 768px) {\n            .hero { flex-direction: column; text-align: center; padding-top: 100px; padding-bottom: 40px; }\n            .hero-text h1 { font-size: 3rem; }\n            .nav-links a:not(.btn-small) { display: none; }\n            .spec-row { flex-direction: column; gap: 8px; }\n            .section-title { font-size: 2.2rem; }\n            .cta-bottom h2 { font-size: 2.5rem; }\n        }\n    <\/style>\n<\/head>\n<body>\n\n    <!-- Navigation -->\n    <header>\n        <div class=\"container nav-container\">\n            <div class=\"logo\">Oukitel <span>C61<\/span><\/div>\n            <div class=\"nav-links\">\n                <a href=\"#features\">Funkcje<\/a>\n                <a href=\"#specs\">Specyfikacja<\/a>\n                <a href=\"#faq\">FAQ<\/a>\n                <a href=\"#buy\" class=\"btn-small\">Kup Teraz<\/a>\n            <\/div>\n        <\/div>\n    <\/header>\n\n    <!-- Hero Section -->\n    <section class=\"hero container\">\n        <div class=\"hero-text animate-up\">\n            <h2>Nowo\u015b\u0107 2026<\/h2>\n            <h1>Pot\u0119ga obrazu.<br>Szybko\u015b\u0107 dzia\u0142ania.<\/h1>\n            <p>Odkryj pot\u0119g\u0119 najnowszego systemu Android 15. Zanurz si\u0119 w niesamowitym obrazie na gigantycznym ekranie 6.88 cala i ciesz si\u0119 bezkompromisow\u0105 p\u0142ynno\u015bci\u0105 dzi\u0119ki 16GB RAM.<\/p>\n            <a href=\"#buy\" class=\"btn\">ZAM\u00d3W PREORDER<\/a>\n        <\/div>\n        <div class=\"hero-image animate-up delay-1\">\n            <img decoding=\"async\" src=\"https:\/\/sc01.alicdn.com\/kf\/Ac48e33ec92304aaf90ee1acd199b840en.jpeg\" alt=\"Oukitel C61 Smartphone\">\n        <\/div>\n    <\/section>\n\n    <!-- Key Features -->\n    <section id=\"features\" class=\"features\">\n        <div class=\"container\">\n            <h2 class=\"section-title\">Dlaczego Oukitel C61?<\/h2>\n            <div class=\"features-grid\">\n                <div class=\"feature-card animate-up delay-1\">\n                    <div class=\"feature-icon\">\ud83d\udcf1<\/div>\n                    <h3>Ekran 6.88&#8243; HD+<\/h3>\n                    <p>Wielki wy\u015bwietlacz zapewniaj\u0105cy kinowe wra\u017cenia. \u017bywe kolory i niesamowity kontrast w Twojej d\u0142oni.<\/p>\n                <\/div>\n                <div class=\"feature-card animate-up delay-2\">\n                    <div class=\"feature-icon\">\u26a1<\/div>\n                    <h3>16GB RAM + 128GB ROM<\/h3>\n                    <p>Wielozadaniowo\u015b\u0107 bez zaci\u0119\u0107. Olbrzymia przestrze\u0144 na Twoje aplikacje, zdj\u0119cia i pliki wideo.<\/p>\n                <\/div>\n                <div class=\"feature-card animate-up delay-3\">\n                    <div class=\"feature-icon\">\ud83e\udd16<\/div>\n                    <h3>Android 15<\/h3>\n                    <p>Zoptymalizowany system z najnowszymi funkcjami AI, lepsz\u0105 ochron\u0105 prywatno\u015bci i mniejszym zu\u017cyciem energii.<\/p>\n                <\/div>\n            <\/div>\n        <\/div>\n    <\/section>\n\n    <!-- Visual Showcase Section -->\n    <section class=\"visual-showcase\">\n        <div class=\"container showcase-grid\">\n            <!-- 1. Display -->\n            <div class=\"showcase-item animate-up\">\n                <img decoding=\"async\" src=\"https:\/\/sc01.alicdn.com\/kf\/Af632e948836048888a416fa204fc95bb4.png\" alt=\"Du\u017cy wy\u015bwietlacz 6.88 cala\">\n            <\/div>\n            <!-- 2. Memory & Processor -->\n            <div class=\"showcase-item animate-up\">\n                <img decoding=\"async\" src=\"https:\/\/sc01.alicdn.com\/kf\/Ad8788e3c70f94b1badc60f82b9f07d87g.png\" alt=\"16GB RAM i 128GB ROM\">\n            <\/div>\n            <!-- 3. Battery -->\n            <div class=\"showcase-item animate-up\">\n                <img decoding=\"async\" src=\"https:\/\/sc01.alicdn.com\/kf\/A7ae42d0fd582463e8433161dc9570b4ay.png\" alt=\"Wytrzyma\u0142a bateria 5150 mAh\">\n            <\/div>\n            <!-- 4. Overall Features Grid -->\n            <div class=\"showcase-item animate-up\">\n                <img decoding=\"async\" src=\"https:\/\/sc01.alicdn.com\/kf\/A130f0aa04a71461bac018e7085e56d15D.png\" alt=\"Podsumowanie najwa\u017cniejszych funkcji\">\n            <\/div>\n        <\/div>\n    <\/section>\n\n    <!-- Technical Specs -->\n    <section id=\"specs\" class=\"specs\">\n        <div class=\"container\">\n            <h2 class=\"section-title\">Specyfikacja Techniczna<\/h2>\n            <div class=\"specs-container\">\n                <div class=\"spec-row\">\n                    <div class=\"spec-title\">System Operacyjny<\/div>\n                    <div class=\"spec-value\">Android 15<\/div>\n                <\/div>\n                <div class=\"spec-row\">\n                    <div class=\"spec-title\">Wy\u015bwietlacz<\/div>\n                    <div class=\"spec-value\">6.88 cala, Krystalicznie czysty obraz<\/div>\n                <\/div>\n                <div class=\"spec-row\">\n                    <div class=\"spec-title\">Pami\u0119\u0107 RAM<\/div>\n                    <div class=\"spec-value\">16 GB (p\u0142ynna wielozadaniowo\u015b\u0107)<\/div>\n                <\/div>\n                <div class=\"spec-row\">\n                    <div class=\"spec-title\">Pami\u0119\u0107 Wewn\u0119trzna<\/div>\n                    <div class=\"spec-value\">128 GB (mo\u017cliwo\u015b\u0107 rozbudowy do 1TB)<\/div>\n                <\/div>\n                <div class=\"spec-row\">\n                    <div class=\"spec-title\">Aparat<\/div>\n                    <div class=\"spec-value\">G\u0142\u00f3wny aparat 13 MP z AI<\/div>\n                <\/div>\n                <div class=\"spec-row\">\n                    <div class=\"spec-title\">Bateria<\/div>\n                    <div class=\"spec-value\">5150 mAh, Type-C<\/div>\n                <\/div>\n            <\/div>\n        <\/div>\n    <\/section>\n\n    <!-- FAQ Section -->\n    <section id=\"faq\" class=\"faq\">\n        <div class=\"container faq-container\">\n            <h2 class=\"section-title\">Cz\u0119sto Zadawane Pytania<\/h2>\n            \n            <details class=\"animate-up delay-1\">\n                <summary>Czy telefon obs\u0142uguje karty pami\u0119ci microSD?<\/summary>\n                <div class=\"faq-answer\">\n                    Tak, pami\u0119\u0107 wewn\u0119trzn\u0105 128 GB mo\u017cna w ka\u017cdej chwili \u0142atwo rozbudowa\u0107 za pomoc\u0105 karty microSD a\u017c do 1 TB, zyskuj\u0105c ogrom miejsca na zdj\u0119cia, filmy i aplikacje.\n                <\/div>\n            <\/details>\n            \n            <details class=\"animate-up delay-2\">\n                <summary>Czy Oukitel C61 posiada menu w j\u0119zyku polskim?<\/summary>\n                <div class=\"faq-answer\">\n                    Oczywi\u015bcie. System Android 15 posiada pe\u0142ne wsparcie dla j\u0119zyka polskiego od razu po pierwszym uruchomieniu urz\u0105dzenia.\n                <\/div>\n            <\/details>\n            \n            <details class=\"animate-up delay-3\">\n                <summary>Jak d\u0142ugo trwa gwarancja na ten model?<\/summary>\n                <div class=\"faq-answer\">\n                    Wszystkie smartfony zakupione w naszej oficjalnej ofercie obj\u0119te s\u0105 pe\u0142n\u0105, 24-miesi\u0119czn\u0105 gwarancj\u0105 producenta z serwisem realizowanym na terenie Polski.\n                <\/div>\n            <\/details>\n        <\/div>\n    <\/section>\n\n    <!-- Bottom Call to Action -->\n    <section id=\"buy\" class=\"cta-bottom\">\n        <div class=\"container\">\n            <h2>Gotowy na zmian\u0119?<\/h2>\n            <p style=\"color: #ccc; font-size: 1.2rem; margin-bottom: 40px; max-width: 600px; margin-inline: auto;\">Zr\u00f3b krok w przysz\u0142o\u015b\u0107. Zam\u00f3w Oukitel C61 w specjalnej ofercie powitalnej i ciesz si\u0119 darmow\u0105 dostaw\u0105 na terenie Polski.<\/p>\n            <a href=\"#\" class=\"btn\">DODAJ DO KOSZYKA<\/a>\n        <\/div>\n    <\/section>\n\n    <footer>\n        <div class=\"container\">\n            &copy; 2026 Oukitel Polska. Wszelkie prawa zastrze\u017cone. Design by Oukitel.\n        <\/div>\n    <\/footer>\n\n    <!-- Script to trigger animations on scroll -->\n    <script>\n        document.addEventListener('DOMContentLoaded', () => {\n            const observerOptions = { threshold: 0.1 };\n            const observer = new IntersectionObserver((entries) => {\n                entries.forEach(entry => {\n                    if (entry.isIntersecting) {\n                        entry.target.style.animationPlayState = 'running';\n                        entry.target.style.opacity = 1; \n                        observer.unobserve(entry.target);\n                    }\n                });\n            }, observerOptions);\n\n            document.querySelectorAll('.animate-up').forEach(el => {\n                el.style.animationPlayState = 'paused';\n                observer.observe(el);\n            });\n        });\n    <\/script>\n<\/body>\n<\/html>\t\t\t\t\t\t\t\t<\/div>\n\t\t\t\t\t<\/div>\n\t\t\t\t<\/div>\n\t\t\t\t<\/div>\n\t\t","protected":false},"excerpt":{"rendered":"<p>Oukitel C61 | Nowy Wymiar Technologii Oukitel C61 Funkcje Specyfikacja FAQ Kup Teraz Nowo\u015b\u0107 2026 Pot\u0119ga obrazu.Szybko\u015b\u0107 dzia\u0142ania. Odkryj pot\u0119g\u0119 najnowszego systemu Android 15. Zanurz si\u0119 w niesamowitym obrazie na gigantycznym ekranie 6.88 cala i ciesz si\u0119 bezkompromisow\u0105 p\u0142ynno\u015bci\u0105 dzi\u0119ki 16GB RAM. ZAM\u00d3W PREORDER Dlaczego Oukitel C61? \ud83d\udcf1 Ekran 6.88&#8243; HD+ Wielki wy\u015bwietlacz zapewniaj\u0105cy kinowe [&hellip;]<\/p>\n","protected":false},"featured_media":1363,"comment_status":"open","ping_status":"closed","template":"","meta":{"_acf_changed":false},"product_brand":[],"product_cat":[47,53],"product_tag":[],"class_list":{"0":"post-1132","1":"product","2":"type-product","3":"status-publish","4":"has-post-thumbnail","6":"product_cat-electronics","7":"product_cat-new-in","9":"first","10":"instock","11":"sale","12":"shipping-taxable","13":"purchasable","14":"product-type-simple"},"acf":[],"_links":{"self":[{"href":"https:\/\/shoppingexperience.shop\/pl\/wp-json\/wp\/v2\/product\/1132","targetHints":{"allow":["GET"]}}],"collection":[{"href":"https:\/\/shoppingexperience.shop\/pl\/wp-json\/wp\/v2\/product"}],"about":[{"href":"https:\/\/shoppingexperience.shop\/pl\/wp-json\/wp\/v2\/types\/product"}],"replies":[{"embeddable":true,"href":"https:\/\/shoppingexperience.shop\/pl\/wp-json\/wp\/v2\/comments?post=1132"}],"version-history":[{"count":4,"href":"https:\/\/shoppingexperience.shop\/pl\/wp-json\/wp\/v2\/product\/1132\/revisions"}],"predecessor-version":[{"id":1145,"href":"https:\/\/shoppingexperience.shop\/pl\/wp-json\/wp\/v2\/product\/1132\/revisions\/1145"}],"wp:featuredmedia":[{"embeddable":true,"href":"https:\/\/shoppingexperience.shop\/pl\/wp-json\/wp\/v2\/media\/1363"}],"wp:attachment":[{"href":"https:\/\/shoppingexperience.shop\/pl\/wp-json\/wp\/v2\/media?parent=1132"}],"wp:term":[{"taxonomy":"product_brand","embeddable":true,"href":"https:\/\/shoppingexperience.shop\/pl\/wp-json\/wp\/v2\/product_brand?post=1132"},{"taxonomy":"product_cat","embeddable":true,"href":"https:\/\/shoppingexperience.shop\/pl\/wp-json\/wp\/v2\/product_cat?post=1132"},{"taxonomy":"product_tag","embeddable":true,"href":"https:\/\/shoppingexperience.shop\/pl\/wp-json\/wp\/v2\/product_tag?post=1132"}],"curies":[{"name":"wp","href":"https:\/\/api.w.org\/{rel}","templated":true}]}}